{"id":467,"date":"2025-01-10T13:45:38","date_gmt":"2025-01-10T13:45:38","guid":{"rendered":"https:\/\/www.pinnacle-experiences.com\/courchevel-ski-world-cup-offer\/"},"modified":"2025-11-27T10:53:59","modified_gmt":"2025-11-27T10:53:59","slug":"courchevel-ski-world-cup-offer","status":"publish","type":"page","link":"https:\/\/www.pinnacle-experiences.com\/en\/courchevel-ski-world-cup-offer\/","title":{"rendered":"Coupe du Monde \u00e0 Courchevel &#8211; 16 d\u00e9cembre 2025"},"content":{"rendered":"<div class=\"wpb-content-wrapper\"><p>[vc_row row_height_percent=&#8221;0&#8243; override_padding=&#8221;yes&#8221; h_padding=&#8221;3&#8243; top_padding=&#8221;3&#8243; bottom_padding=&#8221;2&#8243; overlay_alpha=&#8221;50&#8243; equal_height=&#8221;yes&#8221; gutter_size=&#8221;4&#8243; column_width_percent=&#8221;100&#8243; shift_y=&#8221;0&#8243; z_index=&#8221;0&#8243; content_parallax=&#8221;0&#8243; uncode_shortcode_id=&#8221;555470&#8243;][vc_column column_width_percent=&#8221;100&#8243; gutter_size=&#8221;1&#8243; overlay_alpha=&#8221;50&#8243; shift_x=&#8221;0&#8243; shift_y=&#8221;0&#8243; shift_y_down=&#8221;0&#8243; z_index=&#8221;0&#8243; medium_width=&#8221;0&#8243; mobile_width=&#8221;0&#8243; width=&#8221;1\/2&#8243; uncode_shortcode_id=&#8221;111479&#8243; css=&#8221;.vc_custom_1738682370755{padding-right: 40px !important;}&#8221;][vc_custom_heading text_color=&#8221;color-jevc&#8221; heading_semantic=&#8221;h3&#8243; uncode_shortcode_id=&#8221;883451&#8243; text_color_type=&#8221;uncode-palette&#8221;]WOMEN&#8217;S WORLD CUP[\/vc_custom_heading][vc_custom_heading text_color=&#8221;color-137183&#8243; heading_semantic=&#8221;h3&#8243; uncode_shortcode_id=&#8221;192690&#8243; text_color_type=&#8221;uncode-palette&#8221;]FRONT ROW SEATS[\/vc_custom_heading][vc_empty_space empty_h=&#8221;2&#8243;][vc_column_text uncode_shortcode_id=&#8221;208279&#8243;]<span class=\"font-124437\"><span class=\"OYPEnA font-feature-liga-off font-feature-clig-off font-feature-calt-off text-decoration-none text-strikethrough-none\">Chaque ann\u00e9e, Courchevel accueille une \u00e9tape incontournable de la Coupe du Monde de Ski Alpin, o\u00f9 les meilleures skieuses de la plan\u00e8te rivalisent sur une piste d\u2019exception. <\/span><span class=\"OYPEnA font-feature-liga-off font-feature-clig-off font-feature-calt-off text-decoration-none text-strikethrough-none\"><br \/>\n<\/span><\/span><\/p>\n<p>Installez-vous aux premi\u00e8res loges pour admirer la course tout en profitant d\u2019une atmosph\u00e8re exclusive.<br \/>\nSavourez une cuisine raffin\u00e9e imagin\u00e9e par un chef \u00e9toil\u00e9, accompagn\u00e9e de boissons soigneusement s\u00e9lectionn\u00e9es, pour faire de ce rendez-vous sportif un moment d\u2019exception alliant performance et gastronomie.<\/p>\n<p><span class=\"font-124437\"><span class=\"OYPEnA font-feature-liga-off font-feature-clig-off font-feature-calt-off text-decoration-none text-strikethrough-none\"> <\/span><\/span>[\/vc_column_text][\/vc_column][vc_column column_width_percent=&#8221;100&#8243; gutter_size=&#8221;1&#8243; overlay_alpha=&#8221;50&#8243; shift_x=&#8221;0&#8243; shift_y=&#8221;0&#8243; shift_y_down=&#8221;0&#8243; z_index=&#8221;0&#8243; medium_width=&#8221;0&#8243; mobile_width=&#8221;0&#8243; width=&#8221;1\/4&#8243; uncode_shortcode_id=&#8221;148961&#8243;][vc_custom_heading text_size=&#8221;h3&#8243; uncode_shortcode_id=&#8221;108559&#8243;]Date[\/vc_custom_heading][vc_column_text uncode_shortcode_id=&#8221;165102&#8243;]Tuesday, December 16 &#8211; evening[\/vc_column_text][vc_empty_space][vc_custom_heading text_size=&#8221;h3&#8243; uncode_shortcode_id=&#8221;394187&#8243;]Rate[\/vc_custom_heading][vc_column_text uncode_shortcode_id=&#8221;179244&#8243;]Starting at 184\u20ac per person[\/vc_column_text][vc_empty_space][vc_custom_heading text_size=&#8221;h3&#8243; uncode_shortcode_id=&#8221;846270&#8243;]Location[\/vc_custom_heading][vc_column_text uncode_shortcode_id=&#8221;277421&#8243;]Courchevel &#8211; Club des Sports[\/vc_column_text][vc_empty_space][vc_custom_heading text_size=&#8221;h3&#8243; uncode_shortcode_id=&#8221;166226&#8243;]For whom?[\/vc_custom_heading][vc_column_text uncode_shortcode_id=&#8221;159989&#8243;]All Audiences[\/vc_column_text][\/vc_column][vc_column column_width_percent=&#8221;100&#8243; gutter_size=&#8221;1&#8243; overlay_alpha=&#8221;50&#8243; shift_x=&#8221;0&#8243; shift_y=&#8221;0&#8243; shift_y_down=&#8221;0&#8243; z_index=&#8221;0&#8243; medium_width=&#8221;0&#8243; mobile_width=&#8221;0&#8243; width=&#8221;1\/4&#8243; uncode_shortcode_id=&#8221;777484&#8243;][vc_custom_heading text_color=&#8221;color-137183&#8243; text_size=&#8221;h3&#8243; uncode_shortcode_id=&#8221;205839&#8243; text_color_type=&#8221;uncode-palette&#8221;]<strong>PROGRAM<\/strong>[\/vc_custom_heading][vc_empty_space empty_h=&#8221;0&#8243;][vc_column_text text_color=&#8221;color-137183&#8243; uncode_shortcode_id=&#8221;144829&#8243; text_color_type=&#8221;uncode-palette&#8221;]<strong>From 5:00 p.m.<\/strong>[\/vc_column_text][vc_column_text text_lead=&#8221;small&#8221; uncode_shortcode_id=&#8221;122882&#8243;]Opening of VIP areas and welcome by a member of the Pinnacle Experiences team[\/vc_column_text][vc_empty_space empty_h=&#8221;1&#8243;][vc_column_text uncode_shortcode_id=&#8221;142788&#8243;]<strong>17:45<\/strong>[\/vc_column_text][vc_column_text text_lead=&#8221;small&#8221; uncode_shortcode_id=&#8221;120547&#8243;]1<sup>\u00e8re<\/sup> manche slalom[\/vc_column_text][vc_empty_space empty_h=&#8221;1&#8243;][vc_column_text uncode_shortcode_id=&#8221;814173&#8243;]<strong>20:45<\/strong>[\/vc_column_text][vc_column_text text_lead=&#8221;small&#8221; uncode_shortcode_id=&#8221;193814&#8243;]2nd run[\/vc_column_text][vc_empty_space empty_h=&#8221;1&#8243;][vc_column_text uncode_shortcode_id=&#8221;192777&#8243;]<strong>21:00<\/strong>[\/vc_column_text][vc_column_text text_lead=&#8221;small&#8221; uncode_shortcode_id=&#8221;389611&#8243;]Awards ceremony, DJ, and fireworks[\/vc_column_text][vc_empty_space empty_h=&#8221;1&#8243;][\/vc_column][\/vc_row][vc_row row_height_percent=&#8221;0&#8243; override_padding=&#8221;yes&#8221; h_padding=&#8221;3&#8243; top_padding=&#8221;0&#8243; bottom_padding=&#8221;0&#8243; overlay_alpha=&#8221;50&#8243; gutter_size=&#8221;4&#8243; column_width_percent=&#8221;100&#8243; shift_y=&#8221;0&#8243; z_index=&#8221;0&#8243; content_parallax=&#8221;0&#8243; uncode_shortcode_id=&#8221;388796&#8243;][vc_column column_width_percent=&#8221;100&#8243; gutter_size=&#8221;3&#8243; overlay_alpha=&#8221;50&#8243; shift_x=&#8221;0&#8243; shift_y=&#8221;0&#8243; shift_y_down=&#8221;0&#8243; z_index=&#8221;0&#8243; medium_width=&#8221;0&#8243; mobile_width=&#8221;0&#8243; width=&#8221;1\/1&#8243; uncode_shortcode_id=&#8221;164367&#8243;][vc_gallery el_id=&#8221;gallery-718144&#8243; type=&#8221;carousel&#8221; medias=&#8221;38869,38868,38867,38866,942&#8243; carousel_lg=&#8221;5&#8243; carousel_md=&#8221;3&#8243; carousel_sm=&#8221;1&#8243; gutter_size=&#8221;2&#8243; carousel_interval=&#8221;3000&#8243; carousel_navspeed=&#8221;400&#8243; stage_padding=&#8221;0&#8243; single_shape=&#8221;round&#8221; radius=&#8221;std&#8221; single_overlay_color=&#8221;color-jevc&#8221; single_overlay_opacity=&#8221;50&#8243; single_padding=&#8221;2&#8243; custom_cursor=&#8221;light&#8221; uncode_shortcode_id=&#8221;132898&#8243;][\/vc_column][\/vc_row][vc_row row_height_percent=&#8221;0&#8243; override_padding=&#8221;yes&#8221; h_padding=&#8221;3&#8243; top_padding=&#8221;3&#8243; bottom_padding=&#8221;2&#8243; overlay_alpha=&#8221;50&#8243; equal_height=&#8221;yes&#8221; gutter_size=&#8221;4&#8243; column_width_percent=&#8221;100&#8243; shift_y=&#8221;0&#8243; z_index=&#8221;0&#8243; content_parallax=&#8221;0&#8243; uncode_shortcode_id=&#8221;555470&#8243;][vc_column column_width_percent=&#8221;100&#8243; gutter_size=&#8221;1&#8243; overlay_alpha=&#8221;50&#8243; shift_x=&#8221;0&#8243; shift_y=&#8221;0&#8243; shift_y_down=&#8221;0&#8243; z_index=&#8221;0&#8243; medium_width=&#8221;0&#8243; mobile_width=&#8221;0&#8243; width=&#8221;1\/3&#8243; uncode_shortcode_id=&#8221;111479&#8243; css=&#8221;.vc_custom_1738682370755{padding-right: 40px !important;}&#8221;][vc_custom_heading text_color=&#8221;color-jevc&#8221; heading_semantic=&#8221;h3&#8243; uncode_shortcode_id=&#8221;566331&#8243; text_color_type=&#8221;uncode-palette&#8221;]\u201cSTADIUM\u201d VIP AREA[\/vc_custom_heading][vc_custom_heading text_color=&#8221;color-137183&#8243; heading_semantic=&#8221;h3&#8243; uncode_shortcode_id=&#8221;170988&#8243; text_color_type=&#8221;uncode-palette&#8221;]SINGLE TICKET[\/vc_custom_heading][vc_empty_space empty_h=&#8221;2&#8243;][vc_column_text uncode_shortcode_id=&#8221;159052&#8243;]<\/p>\n<ul>\n<li>Official World Cup hat<\/li>\n<li>Access to the &#8220;STADIUM&#8221; VIP area<\/li>\n<li><span class=\"font-124437\"><span class=\"OYPEnA font-feature-liga-off font-feature-clig-off font-feature-calt-off text-decoration-none text-strikethrough-none\">Heated indoor room<\/span><\/span><\/li>\n<li><span class=\"font-124437\"><span class=\"OYPEnA font-feature-liga-off font-feature-clig-off font-feature-calt-off text-decoration-none text-strikethrough-none\">Cocktail tables<\/span><\/span><\/li>\n<li><span class=\"font-124437\"><span class=\"OYPEnA font-feature-liga-off font-feature-clig-off font-feature-calt-off text-decoration-none text-strikethrough-none\">TV screens <\/span><\/span><\/li>\n<li><span class=\"font-124437\"><span class=\"OYPEnA font-feature-liga-off font-feature-clig-off font-feature-calt-off text-decoration-none text-strikethrough-none\">Buffet dinner<\/span><\/span><\/li>\n<li><span class=\"font-124437\"><span class=\"OYPEnA font-feature-liga-off font-feature-clig-off font-feature-calt-off text-decoration-none text-strikethrough-none\">Wine, champagne, soft drinks <\/span><\/span><\/li>\n<\/ul>\n<p>[\/vc_column_text][vc_empty_space empty_h=&#8221;2&#8243;]<p class=\"product woocommerce add_to_cart_inline \" style=\"border:4px solid #ccc; padding: 12px;\"><ins class=\"h3\"><span class=\"woocommerce-Price-amount amount\"><bdi><span class=\"woocommerce-Price-currencySymbol\">&euro;<\/span>&nbsp;184,00<\/bdi><\/span><\/ins><a href=\"\/en\/wp-json\/wp\/v2\/pages\/467?add-to-cart=1685\" aria-describedby=\"woocommerce_loop_add_to_cart_link_describedby_1685\" data-quantity=\"1\" class=\"button product_type_simple add_to_cart_button ajax_add_to_cart alt btn btn-default\" data-product_id=\"1685\" data-product_sku=\"\" aria-label=\"Add to cart: &ldquo;Place individuelle | Stadium | Coupe du Monde Courchevel | 16.12.25&rdquo;\" rel=\"nofollow\" data-success_message=\"&ldquo;Place individuelle | Stadium | Coupe du Monde Courchevel | 16.12.25&rdquo; has been added to your cart\" role=\"button\"><span class=\"add_to_cart_text\">Add to cart<\/span><span class=\"view-cart added_to_cart\"><\/span><\/a>\n\t<span id=\"woocommerce_loop_add_to_cart_link_describedby_1685\" class=\"screen-reader-text\">\n\t\t\t<\/span>\n<\/p>[\/vc_column][vc_column column_width_percent=&#8221;100&#8243; gutter_size=&#8221;0&#8243; overlay_alpha=&#8221;50&#8243; shift_x=&#8221;0&#8243; shift_y=&#8221;0&#8243; shift_y_down=&#8221;0&#8243; z_index=&#8221;0&#8243; medium_width=&#8221;0&#8243; mobile_width=&#8221;0&#8243; width=&#8221;1\/3&#8243; uncode_shortcode_id=&#8221;883787&#8243;][vc_custom_heading text_color=&#8221;color-jevc&#8221; heading_semantic=&#8221;h3&#8243; uncode_shortcode_id=&#8221;174110&#8243; text_color_type=&#8221;uncode-palette&#8221;]&#8221;GLOBE DE CRISTAL&#8221; VIP AREA[\/vc_custom_heading][vc_custom_heading text_color=&#8221;color-137183&#8243; heading_semantic=&#8221;h3&#8243; uncode_shortcode_id=&#8221;170988&#8243; text_color_type=&#8221;uncode-palette&#8221;]SINGLE TICKET[\/vc_custom_heading][vc_empty_space empty_h=&#8221;2&#8243;][vc_column_text uncode_shortcode_id=&#8221;197477&#8243;]<\/p>\n<ul>\n<li>Acces to the &#8220;GLOBE DE CRISTAL&#8221; VIP area<\/li>\n<li>Official World Cup hat<\/li>\n<li>Dinner buffet prepared by Julien Machet, Chef at the Michelin-starred restaurant \u201cLe Far\u00e7on\u201d<\/li>\n<li>Appetizer<\/li>\n<li>Wine, champagne, soft drinks<\/li>\n<li>Heated indoor room<\/li>\n<li>Balcony terrace<\/li>\n<li>Reserved high chairs and tables<\/li>\n<li>Giant screen<\/li>\n<\/ul>\n<p>[\/vc_column_text][vc_empty_space empty_h=&#8221;2&#8243;]<p class=\"product woocommerce add_to_cart_inline \" style=\"border:4px solid #ccc; padding: 12px;\"><ins class=\"h3\"><span class=\"woocommerce-Price-amount amount\"><bdi><span class=\"woocommerce-Price-currencySymbol\">&euro;<\/span>&nbsp;315,00<\/bdi><\/span><\/ins><a href=\"\/en\/wp-json\/wp\/v2\/pages\/467?add-to-cart=38860\" aria-describedby=\"woocommerce_loop_add_to_cart_link_describedby_38860\" data-quantity=\"1\" class=\"button product_type_simple add_to_cart_button ajax_add_to_cart alt btn btn-default\" data-product_id=\"38860\" data-product_sku=\"\" aria-label=\"Add to cart: &ldquo;Place individuelle | Globe de Cristal | Coupe du Monde Courchevel | 16.12.25&rdquo;\" rel=\"nofollow\" data-success_message=\"&ldquo;Place individuelle | Globe de Cristal | Coupe du Monde Courchevel | 16.12.25&rdquo; has been added to your cart\" role=\"button\"><span class=\"add_to_cart_text\">Add to cart<\/span><span class=\"view-cart added_to_cart\"><\/span><\/a>\n\t<span id=\"woocommerce_loop_add_to_cart_link_describedby_38860\" class=\"screen-reader-text\">\n\t\t\t<\/span>\n<\/p>[\/vc_column][vc_column column_width_percent=&#8221;100&#8243; gutter_size=&#8221;0&#8243; overlay_alpha=&#8221;50&#8243; shift_x=&#8221;0&#8243; shift_y=&#8221;0&#8243; shift_y_down=&#8221;0&#8243; z_index=&#8221;0&#8243; medium_width=&#8221;0&#8243; mobile_width=&#8221;0&#8243; width=&#8221;1\/3&#8243; uncode_shortcode_id=&#8221;864178&#8243;][vc_custom_heading text_color=&#8221;color-jevc&#8221; heading_semantic=&#8221;h3&#8243; uncode_shortcode_id=&#8221;861483&#8243; text_color_type=&#8221;uncode-palette&#8221;]&#8221;GLOBE DE CRISTAL&#8221; VIP AREA[\/vc_custom_heading][vc_custom_heading text_color=&#8221;color-137183&#8243; heading_semantic=&#8221;h3&#8243; uncode_shortcode_id=&#8221;147572&#8243; text_color_type=&#8221;uncode-palette&#8221;]10-PERSON TABLE[\/vc_custom_heading][vc_empty_space empty_h=&#8221;2&#8243;][vc_column_text uncode_shortcode_id=&#8221;628539&#8243;]<\/p>\n<ul>\n<li>Table reserved for 10 people in the &#8220;GLOBE DE CRISTAL&#8221; VIP area<\/li>\n<li>Official World Cup hat<\/li>\n<li>Dinner buffet prepared by Julien Machet, Chef at the Michelin-starred restaurant \u201cLe Far\u00e7on\u201d<\/li>\n<li>Appetizer<\/li>\n<li>Wine, champagne, soft drinks<\/li>\n<li>Heated indoor room<\/li>\n<li>Balcony terrace<\/li>\n<li>Giant screen<\/li>\n<\/ul>\n<p><span class=\"font-124437\"><span class=\"OYPEnA font-feature-liga-off font-feature-clig-off font-feature-calt-off text-decoration-none text-strikethrough-none\"> <\/span><\/span>[\/vc_column_text][vc_empty_space empty_h=&#8221;2&#8243;]<p class=\"product woocommerce add_to_cart_inline \" style=\"border:4px solid #ccc; padding: 12px;\"><ins class=\"h3\"><span class=\"woocommerce-Price-amount amount\"><bdi><span class=\"woocommerce-Price-currencySymbol\">&euro;<\/span>&nbsp;2615,00<\/bdi><\/span><\/ins><a href=\"\/en\/wp-json\/wp\/v2\/pages\/467?add-to-cart=38861\" aria-describedby=\"woocommerce_loop_add_to_cart_link_describedby_38861\" data-quantity=\"1\" class=\"button product_type_simple add_to_cart_button ajax_add_to_cart alt btn btn-default\" data-product_id=\"38861\" data-product_sku=\"\" aria-label=\"Add to cart: &ldquo;Table 10 personnes |\u00a0Coupe du Monde Courchevel |\u00a016.12.25&rdquo;\" rel=\"nofollow\" data-success_message=\"&ldquo;Table 10 personnes |\u00a0Coupe du Monde Courchevel |\u00a016.12.25&rdquo; has been added to your cart\" role=\"button\"><span class=\"add_to_cart_text\">Add to cart<\/span><span class=\"view-cart added_to_cart\"><\/span><\/a>\n\t<span id=\"woocommerce_loop_add_to_cart_link_describedby_38861\" class=\"screen-reader-text\">\n\t\t\t<\/span>\n<\/p>[\/vc_column][\/vc_row]<\/p>\n<\/div>","protected":false},"excerpt":{"rendered":"<p>bla bla<\/p>\n","protected":false},"author":2,"featured_media":0,"parent":0,"menu_order":2,"comment_status":"closed","ping_status":"closed","template":"","meta":{"footnotes":""},"class_list":["post-467","page","type-page","status-publish","hentry","page_category-sport-en"],"yoast_head":"<!-- This site is optimized with the Yoast SEO plugin v27.3 - https:\/\/yoast.com\/product\/yoast-seo-wordpress\/ -->\n<title>Experience the Courchevel 2025 World Cup | Pinnacle Experiences<\/title>\n<meta name=\"description\" content=\"Attend the World Cup in Courchevel in 2025 and experience the excitement of top-level ski racing. An event not to be missed\" \/>\n<meta name=\"robots\" content=\"index, follow, max-snippet:-1, max-image-preview:large, max-video-preview:-1\" \/>\n<link rel=\"canonical\" href=\"https:\/\/www.pinnacle-experiences.com\/en\/courchevel-ski-world-cup-offer\/\" \/>\n<meta property=\"og:locale\" content=\"en_US\" \/>\n<meta property=\"og:type\" content=\"article\" \/>\n<meta property=\"og:title\" content=\"Experience the Courchevel 2025 World Cup | Pinnacle Experiences\" \/>\n<meta property=\"og:description\" content=\"Attend the World Cup in Courchevel in 2025 and experience the excitement of top-level ski racing. An event not to be missed\" \/>\n<meta property=\"og:url\" content=\"https:\/\/www.pinnacle-experiences.com\/en\/courchevel-ski-world-cup-offer\/\" \/>\n<meta property=\"og:site_name\" content=\"Pinnacle Experiences\" \/>\n<meta property=\"article:modified_time\" content=\"2025-11-27T10:53:59+00:00\" \/>\n<meta name=\"twitter:card\" content=\"summary_large_image\" \/>\n<meta name=\"twitter:label1\" content=\"Est. reading time\" \/>\n\t<meta name=\"twitter:data1\" content=\"3 minutes\" \/>\n<script type=\"application\/ld+json\" class=\"yoast-schema-graph\">{\"@context\":\"https:\\\/\\\/schema.org\",\"@graph\":[{\"@type\":\"WebPage\",\"@id\":\"https:\\\/\\\/www.pinnacle-experiences.com\\\/en\\\/courchevel-ski-world-cup-offer\\\/\",\"url\":\"https:\\\/\\\/www.pinnacle-experiences.com\\\/en\\\/courchevel-ski-world-cup-offer\\\/\",\"name\":\"Experience the Courchevel 2025 World Cup | Pinnacle Experiences\",\"isPartOf\":{\"@id\":\"https:\\\/\\\/www.pinnacle-experiences.com\\\/en\\\/#website\"},\"datePublished\":\"2025-01-10T13:45:38+00:00\",\"dateModified\":\"2025-11-27T10:53:59+00:00\",\"description\":\"Attend the World Cup in Courchevel in 2025 and experience the excitement of top-level ski racing. An event not to be missed\",\"breadcrumb\":{\"@id\":\"https:\\\/\\\/www.pinnacle-experiences.com\\\/en\\\/courchevel-ski-world-cup-offer\\\/#breadcrumb\"},\"inLanguage\":\"en-US\",\"potentialAction\":[{\"@type\":\"ReadAction\",\"target\":[\"https:\\\/\\\/www.pinnacle-experiences.com\\\/en\\\/courchevel-ski-world-cup-offer\\\/\"]}]},{\"@type\":\"BreadcrumbList\",\"@id\":\"https:\\\/\\\/www.pinnacle-experiences.com\\\/en\\\/courchevel-ski-world-cup-offer\\\/#breadcrumb\",\"itemListElement\":[{\"@type\":\"ListItem\",\"position\":1,\"name\":\"Accueil\",\"item\":\"https:\\\/\\\/www.pinnacle-experiences.com\\\/en\\\/\"},{\"@type\":\"ListItem\",\"position\":2,\"name\":\"Coupe du Monde \u00e0 Courchevel &#8211; 16 d\u00e9cembre 2025\"}]},{\"@type\":\"WebSite\",\"@id\":\"https:\\\/\\\/www.pinnacle-experiences.com\\\/en\\\/#website\",\"url\":\"https:\\\/\\\/www.pinnacle-experiences.com\\\/en\\\/\",\"name\":\"Pinnacle Experiences\",\"description\":\"R\u00e9-inventez vos vacances\",\"publisher\":{\"@id\":\"https:\\\/\\\/www.pinnacle-experiences.com\\\/en\\\/#organization\"},\"potentialAction\":[{\"@type\":\"SearchAction\",\"target\":{\"@type\":\"EntryPoint\",\"urlTemplate\":\"https:\\\/\\\/www.pinnacle-experiences.com\\\/en\\\/?s={search_term_string}\"},\"query-input\":{\"@type\":\"PropertyValueSpecification\",\"valueRequired\":true,\"valueName\":\"search_term_string\"}}],\"inLanguage\":\"en-US\"},{\"@type\":\"Organization\",\"@id\":\"https:\\\/\\\/www.pinnacle-experiences.com\\\/en\\\/#organization\",\"name\":\"Pinnacle Experiences\",\"url\":\"https:\\\/\\\/www.pinnacle-experiences.com\\\/en\\\/\",\"logo\":{\"@type\":\"ImageObject\",\"inLanguage\":\"en-US\",\"@id\":\"https:\\\/\\\/www.pinnacle-experiences.com\\\/en\\\/#\\\/schema\\\/logo\\\/image\\\/\",\"url\":\"https:\\\/\\\/www.pinnacle-experiences.com\\\/wp-content\\\/uploads\\\/2025\\\/01\\\/PINNACLE_LONG.svg\",\"contentUrl\":\"https:\\\/\\\/www.pinnacle-experiences.com\\\/wp-content\\\/uploads\\\/2025\\\/01\\\/PINNACLE_LONG.svg\",\"width\":1,\"height\":1,\"caption\":\"Pinnacle Experiences\"},\"image\":{\"@id\":\"https:\\\/\\\/www.pinnacle-experiences.com\\\/en\\\/#\\\/schema\\\/logo\\\/image\\\/\"}}]}<\/script>\n<!-- \/ Yoast SEO plugin. -->","yoast_head_json":{"title":"Experience the Courchevel 2025 World Cup | Pinnacle Experiences","description":"Attend the World Cup in Courchevel in 2025 and experience the excitement of top-level ski racing. An event not to be missed","robots":{"index":"index","follow":"follow","max-snippet":"max-snippet:-1","max-image-preview":"max-image-preview:large","max-video-preview":"max-video-preview:-1"},"canonical":"https:\/\/www.pinnacle-experiences.com\/en\/courchevel-ski-world-cup-offer\/","og_locale":"en_US","og_type":"article","og_title":"Experience the Courchevel 2025 World Cup | Pinnacle Experiences","og_description":"Attend the World Cup in Courchevel in 2025 and experience the excitement of top-level ski racing. An event not to be missed","og_url":"https:\/\/www.pinnacle-experiences.com\/en\/courchevel-ski-world-cup-offer\/","og_site_name":"Pinnacle Experiences","article_modified_time":"2025-11-27T10:53:59+00:00","twitter_card":"summary_large_image","twitter_misc":{"Est. reading time":"3 minutes"},"schema":{"@context":"https:\/\/schema.org","@graph":[{"@type":"WebPage","@id":"https:\/\/www.pinnacle-experiences.com\/en\/courchevel-ski-world-cup-offer\/","url":"https:\/\/www.pinnacle-experiences.com\/en\/courchevel-ski-world-cup-offer\/","name":"Experience the Courchevel 2025 World Cup | Pinnacle Experiences","isPartOf":{"@id":"https:\/\/www.pinnacle-experiences.com\/en\/#website"},"datePublished":"2025-01-10T13:45:38+00:00","dateModified":"2025-11-27T10:53:59+00:00","description":"Attend the World Cup in Courchevel in 2025 and experience the excitement of top-level ski racing. An event not to be missed","breadcrumb":{"@id":"https:\/\/www.pinnacle-experiences.com\/en\/courchevel-ski-world-cup-offer\/#breadcrumb"},"inLanguage":"en-US","potentialAction":[{"@type":"ReadAction","target":["https:\/\/www.pinnacle-experiences.com\/en\/courchevel-ski-world-cup-offer\/"]}]},{"@type":"BreadcrumbList","@id":"https:\/\/www.pinnacle-experiences.com\/en\/courchevel-ski-world-cup-offer\/#breadcrumb","itemListElement":[{"@type":"ListItem","position":1,"name":"Accueil","item":"https:\/\/www.pinnacle-experiences.com\/en\/"},{"@type":"ListItem","position":2,"name":"Coupe du Monde \u00e0 Courchevel &#8211; 16 d\u00e9cembre 2025"}]},{"@type":"WebSite","@id":"https:\/\/www.pinnacle-experiences.com\/en\/#website","url":"https:\/\/www.pinnacle-experiences.com\/en\/","name":"Pinnacle Experiences","description":"R\u00e9-inventez vos vacances","publisher":{"@id":"https:\/\/www.pinnacle-experiences.com\/en\/#organization"},"potentialAction":[{"@type":"SearchAction","target":{"@type":"EntryPoint","urlTemplate":"https:\/\/www.pinnacle-experiences.com\/en\/?s={search_term_string}"},"query-input":{"@type":"PropertyValueSpecification","valueRequired":true,"valueName":"search_term_string"}}],"inLanguage":"en-US"},{"@type":"Organization","@id":"https:\/\/www.pinnacle-experiences.com\/en\/#organization","name":"Pinnacle Experiences","url":"https:\/\/www.pinnacle-experiences.com\/en\/","logo":{"@type":"ImageObject","inLanguage":"en-US","@id":"https:\/\/www.pinnacle-experiences.com\/en\/#\/schema\/logo\/image\/","url":"https:\/\/www.pinnacle-experiences.com\/wp-content\/uploads\/2025\/01\/PINNACLE_LONG.svg","contentUrl":"https:\/\/www.pinnacle-experiences.com\/wp-content\/uploads\/2025\/01\/PINNACLE_LONG.svg","width":1,"height":1,"caption":"Pinnacle Experiences"},"image":{"@id":"https:\/\/www.pinnacle-experiences.com\/en\/#\/schema\/logo\/image\/"}}]}},"_links":{"self":[{"href":"https:\/\/www.pinnacle-experiences.com\/en\/wp-json\/wp\/v2\/pages\/467","targetHints":{"allow":["GET"]}}],"collection":[{"href":"https:\/\/www.pinnacle-experiences.com\/en\/wp-json\/wp\/v2\/pages"}],"about":[{"href":"https:\/\/www.pinnacle-experiences.com\/en\/wp-json\/wp\/v2\/types\/page"}],"author":[{"embeddable":true,"href":"https:\/\/www.pinnacle-experiences.com\/en\/wp-json\/wp\/v2\/users\/2"}],"replies":[{"embeddable":true,"href":"https:\/\/www.pinnacle-experiences.com\/en\/wp-json\/wp\/v2\/comments?post=467"}],"version-history":[{"count":38,"href":"https:\/\/www.pinnacle-experiences.com\/en\/wp-json\/wp\/v2\/pages\/467\/revisions"}],"predecessor-version":[{"id":38873,"href":"https:\/\/www.pinnacle-experiences.com\/en\/wp-json\/wp\/v2\/pages\/467\/revisions\/38873"}],"wp:attachment":[{"href":"https:\/\/www.pinnacle-experiences.com\/en\/wp-json\/wp\/v2\/media?parent=467"}],"curies":[{"name":"wp","href":"https:\/\/api.w.org\/{rel}","templated":true}]}}