{"id":1794,"date":"2025-02-17T08:30:59","date_gmt":"2025-02-17T08:30:59","guid":{"rendered":"https:\/\/www.pinnacle-experiences.com\/?page_id=1794"},"modified":"2026-01-05T13:30:42","modified_gmt":"2026-01-05T13:30:42","slug":"avalanche-dogs-in-meribel","status":"publish","type":"page","link":"https:\/\/www.pinnacle-experiences.com\/en\/avalanche-dogs-in-meribel\/","title":{"rendered":"Avalanche dogs &#8211; Snow heroes in M\u00e9ribel"},"content":{"rendered":"<div class=\"wpb-content-wrapper\"><p>[vc_row row_height_percent=&#8221;0&#8243; override_padding=&#8221;yes&#8221; h_padding=&#8221;3&#8243; top_padding=&#8221;3&#8243; bottom_padding=&#8221;2&#8243; overlay_alpha=&#8221;50&#8243; equal_height=&#8221;yes&#8221; gutter_size=&#8221;4&#8243; column_width_percent=&#8221;100&#8243; shift_y=&#8221;0&#8243; z_index=&#8221;0&#8243; content_parallax=&#8221;0&#8243; uncode_shortcode_id=&#8221;166300&#8243;][vc_column column_width_percent=&#8221;100&#8243; gutter_size=&#8221;1&#8243; overlay_alpha=&#8221;50&#8243; shift_x=&#8221;0&#8243; shift_y=&#8221;0&#8243; shift_y_down=&#8221;0&#8243; z_index=&#8221;0&#8243; medium_width=&#8221;0&#8243; mobile_width=&#8221;0&#8243; width=&#8221;1\/2&#8243; uncode_shortcode_id=&#8221;111479&#8243; css=&#8221;.vc_custom_1738682370755{padding-right: 40px !important;}&#8221;][vc_custom_heading text_color=&#8221;color-137183&#8243; heading_semantic=&#8221;h3&#8243; uncode_shortcode_id=&#8221;125732&#8243; text_color_type=&#8221;uncode-palette&#8221;]FAMILY EXPERIENCE[\/vc_custom_heading][vc_empty_space empty_h=&#8221;2&#8243;][vc_column_text uncode_shortcode_id=&#8221;146596&#8243;]<\/p>\n<p class=\"p1\">Offer your children a unique adventure, in total immersion with the ski patrollers and their incredible avalanche dogs.<\/p>\n<p class=\"p1\">Pendant une heure \u00e0 M\u00e9ribel, faites-leur d\u00e9couvrir les coulisses du sauvetage en montagne aux c\u00f4t\u00e9s de professionnels passionn\u00e9s.<\/p>\n<p>[\/vc_column_text][\/vc_column][vc_column column_width_percent=&#8221;100&#8243; gutter_size=&#8221;1&#8243; overlay_alpha=&#8221;50&#8243; shift_x=&#8221;0&#8243; shift_y=&#8221;0&#8243; shift_y_down=&#8221;0&#8243; z_index=&#8221;0&#8243; medium_width=&#8221;0&#8243; mobile_width=&#8221;0&#8243; width=&#8221;1\/4&#8243; uncode_shortcode_id=&#8221;148961&#8243;][vc_custom_heading text_size=&#8221;h3&#8243; uncode_shortcode_id=&#8221;108559&#8243;]Date[\/vc_custom_heading][vc_column_text uncode_shortcode_id=&#8221;310993&#8243;]Season 2025-2026 on request[\/vc_column_text][vc_empty_space][vc_custom_heading text_size=&#8221;h3&#8243; uncode_shortcode_id=&#8221;394187&#8243;]Rate[\/vc_custom_heading][vc_column_text uncode_shortcode_id=&#8221;123896&#8243;]170.00 \u20ac \/ personne[\/vc_column_text][vc_empty_space][vc_custom_heading text_size=&#8221;h3&#8243; uncode_shortcode_id=&#8221;846270&#8243;]Location[\/vc_custom_heading][vc_column_text uncode_shortcode_id=&#8221;103593&#8243;]Meribel &#8211; Pas du lac Gondola, middle station[\/vc_column_text][vc_empty_space][vc_custom_heading text_size=&#8221;h3&#8243; uncode_shortcode_id=&#8221;166226&#8243;]For whom?[\/vc_custom_heading][vc_column_text uncode_shortcode_id=&#8221;197010&#8243;]Kids up to 13 y.o.[\/vc_column_text][\/vc_column][vc_column column_width_percent=&#8221;100&#8243; gutter_size=&#8221;1&#8243; overlay_alpha=&#8221;50&#8243; shift_x=&#8221;0&#8243; shift_y=&#8221;0&#8243; shift_y_down=&#8221;0&#8243; z_index=&#8221;0&#8243; medium_width=&#8221;0&#8243; mobile_width=&#8221;0&#8243; width=&#8221;1\/4&#8243; uncode_shortcode_id=&#8221;777484&#8243;][vc_custom_heading text_size=&#8221;h3&#8243; uncode_shortcode_id=&#8221;119628&#8243;]Program[\/vc_custom_heading][vc_empty_space empty_h=&#8221;1&#8243;][vc_column_text uncode_shortcode_id=&#8221;381903&#8243;]<strong>Meeting at 10:00 a.m.<\/strong>[\/vc_column_text][vc_column_text text_lead=&#8221;small&#8221; uncode_shortcode_id=&#8221;990907&#8243;]Pas du Lac Gondola middle station[\/vc_column_text][vc_empty_space empty_h=&#8221;1&#8243;][vc_column_text uncode_shortcode_id=&#8221;125840&#8243;]<strong>From 10:00 a.m.<\/strong>[\/vc_column_text][vc_column_text text_lead=&#8221;small&#8221; uncode_shortcode_id=&#8221;752563&#8243;]Meet the teams, discuss about their job, and watch a patroller and his dog at work.[\/vc_column_text][vc_empty_space empty_h=&#8221;1&#8243;][vc_column_text uncode_shortcode_id=&#8221;585667&#8243;]<strong>11:15<\/strong>[\/vc_column_text][vc_column_text text_lead=&#8221;small&#8221; uncode_shortcode_id=&#8221;135494&#8243;]Session end[\/vc_column_text][\/vc_column][\/vc_row][vc_row row_height_percent=&#8221;0&#8243; override_padding=&#8221;yes&#8221; h_padding=&#8221;2&#8243; top_padding=&#8221;0&#8243; bottom_padding=&#8221;2&#8243; overlay_alpha=&#8221;50&#8243; gutter_size=&#8221;3&#8243; column_width_percent=&#8221;100&#8243; shift_y=&#8221;0&#8243; z_index=&#8221;0&#8243; mobile_visibility=&#8221;yes&#8221; content_parallax=&#8221;0&#8243; uncode_shortcode_id=&#8221;858983&#8243;][vc_column width=&#8221;1\/1&#8243;][\/vc_column][\/vc_row][vc_row row_height_percent=&#8221;0&#8243; override_padding=&#8221;yes&#8221; h_padding=&#8221;3&#8243; top_padding=&#8221;0&#8243; bottom_padding=&#8221;0&#8243; overlay_alpha=&#8221;50&#8243; gutter_size=&#8221;4&#8243; column_width_percent=&#8221;100&#8243; shift_y=&#8221;0&#8243; z_index=&#8221;0&#8243; content_parallax=&#8221;0&#8243; uncode_shortcode_id=&#8221;907284&#8243;][vc_column column_width_percent=&#8221;100&#8243; gutter_size=&#8221;3&#8243; overlay_alpha=&#8221;50&#8243; shift_x=&#8221;0&#8243; shift_y=&#8221;0&#8243; shift_y_down=&#8221;0&#8243; z_index=&#8221;0&#8243; medium_width=&#8221;0&#8243; mobile_width=&#8221;0&#8243; width=&#8221;1\/1&#8243; uncode_shortcode_id=&#8221;164367&#8243;][vc_empty_space empty_h=&#8221;2&#8243; mobile_visibility=&#8221;yes&#8221;][vc_gallery el_id=&#8221;gallery-718144&#8243; type=&#8221;carousel&#8221; medias=&#8221;1931,1933,1935&#8243; carousel_lg=&#8221;3&#8243; carousel_md=&#8221;3&#8243; carousel_sm=&#8221;1&#8243; gutter_size=&#8221;4&#8243; carousel_interval=&#8221;3000&#8243; carousel_navspeed=&#8221;400&#8243; stage_padding=&#8221;0&#8243; single_shape=&#8221;round&#8221; radius=&#8221;std&#8221; single_overlay_color=&#8221;color-prif&#8221; single_overlay_opacity=&#8221;50&#8243; single_padding=&#8221;2&#8243; custom_cursor=&#8221;light&#8221; uncode_shortcode_id=&#8221;134565&#8243;][vc_empty_space empty_h=&#8221;4&#8243;][\/vc_column][\/vc_row]<\/p>\n<\/div>","protected":false},"excerpt":{"rendered":"<p>AVALANCHE DOGS<\/p>\n","protected":false},"author":2,"featured_media":2090,"parent":0,"menu_order":124,"comment_status":"closed","ping_status":"closed","template":"","meta":{"footnotes":""},"class_list":["post-1794","page","type-page","status-publish","has-post-thumbnail","hentry","page_category-store"],"yoast_head":"<!-- This site is optimized with the Yoast SEO plugin v27.3 - https:\/\/yoast.com\/product\/yoast-seo-wordpress\/ -->\n<title>Avalanche dogs immersion | Pinnacle Experiences<\/title>\n<meta name=\"description\" content=\"Treat yourself to a unique family adventure, in total immersion with the rescue trackers and their incredible avalanche dogs.\" \/>\n<meta name=\"robots\" content=\"index, follow, max-snippet:-1, max-image-preview:large, max-video-preview:-1\" \/>\n<link rel=\"canonical\" href=\"https:\/\/www.pinnacle-experiences.com\/en\/avalanche-dogs-in-meribel\/\" \/>\n<meta property=\"og:locale\" content=\"en_US\" \/>\n<meta property=\"og:type\" content=\"article\" \/>\n<meta property=\"og:title\" content=\"Avalanche dogs immersion | Pinnacle Experiences\" \/>\n<meta property=\"og:description\" content=\"Treat yourself to a unique family adventure, in total immersion with the rescue trackers and their incredible avalanche dogs.\" \/>\n<meta property=\"og:url\" content=\"https:\/\/www.pinnacle-experiences.com\/en\/avalanche-dogs-in-meribel\/\" \/>\n<meta property=\"og:site_name\" content=\"Pinnacle Experiences\" \/>\n<meta property=\"article:modified_time\" content=\"2026-01-05T13:30:42+00:00\" \/>\n<meta property=\"og:image\" content=\"https:\/\/www.pinnacle-experiences.com\/wp-content\/uploads\/2025\/02\/Header-Chien-2.jpeg\" \/>\n\t<meta property=\"og:image:width\" content=\"1600\" \/>\n\t<meta property=\"og:image:height\" content=\"818\" \/>\n\t<meta property=\"og:image:type\" content=\"image\/jpeg\" \/>\n<meta name=\"twitter:card\" content=\"summary_large_image\" \/>\n<meta name=\"twitter:label1\" content=\"Est. reading time\" \/>\n\t<meta name=\"twitter:data1\" content=\"2 minutes\" \/>\n<script type=\"application\/ld+json\" class=\"yoast-schema-graph\">{\"@context\":\"https:\\\/\\\/schema.org\",\"@graph\":[{\"@type\":\"WebPage\",\"@id\":\"https:\\\/\\\/www.pinnacle-experiences.com\\\/en\\\/avalanche-dogs-in-meribel\\\/\",\"url\":\"https:\\\/\\\/www.pinnacle-experiences.com\\\/en\\\/avalanche-dogs-in-meribel\\\/\",\"name\":\"Avalanche dogs immersion | Pinnacle Experiences\",\"isPartOf\":{\"@id\":\"https:\\\/\\\/www.pinnacle-experiences.com\\\/en\\\/#website\"},\"primaryImageOfPage\":{\"@id\":\"https:\\\/\\\/www.pinnacle-experiences.com\\\/en\\\/avalanche-dogs-in-meribel\\\/#primaryimage\"},\"image\":{\"@id\":\"https:\\\/\\\/www.pinnacle-experiences.com\\\/en\\\/avalanche-dogs-in-meribel\\\/#primaryimage\"},\"thumbnailUrl\":\"https:\\\/\\\/www.pinnacle-experiences.com\\\/wp-content\\\/uploads\\\/2025\\\/02\\\/Header-Chien-2.jpeg\",\"datePublished\":\"2025-02-17T08:30:59+00:00\",\"dateModified\":\"2026-01-05T13:30:42+00:00\",\"description\":\"Treat yourself to a unique family adventure, in total immersion with the rescue trackers and their incredible avalanche dogs.\",\"breadcrumb\":{\"@id\":\"https:\\\/\\\/www.pinnacle-experiences.com\\\/en\\\/avalanche-dogs-in-meribel\\\/#breadcrumb\"},\"inLanguage\":\"en-US\",\"potentialAction\":[{\"@type\":\"ReadAction\",\"target\":[\"https:\\\/\\\/www.pinnacle-experiences.com\\\/en\\\/avalanche-dogs-in-meribel\\\/\"]}]},{\"@type\":\"ImageObject\",\"inLanguage\":\"en-US\",\"@id\":\"https:\\\/\\\/www.pinnacle-experiences.com\\\/en\\\/avalanche-dogs-in-meribel\\\/#primaryimage\",\"url\":\"https:\\\/\\\/www.pinnacle-experiences.com\\\/wp-content\\\/uploads\\\/2025\\\/02\\\/Header-Chien-2.jpeg\",\"contentUrl\":\"https:\\\/\\\/www.pinnacle-experiences.com\\\/wp-content\\\/uploads\\\/2025\\\/02\\\/Header-Chien-2.jpeg\",\"width\":1600,\"height\":818,\"caption\":\"Pisteur secouriste avec son chien faisant une recherche en avalanche | \u00a9 Pinnacle Experiences\"},{\"@type\":\"BreadcrumbList\",\"@id\":\"https:\\\/\\\/www.pinnacle-experiences.com\\\/en\\\/avalanche-dogs-in-meribel\\\/#breadcrumb\",\"itemListElement\":[{\"@type\":\"ListItem\",\"position\":1,\"name\":\"Accueil\",\"item\":\"https:\\\/\\\/www.pinnacle-experiences.com\\\/en\\\/\"},{\"@type\":\"ListItem\",\"position\":2,\"name\":\"Avalanche dogs &#8211; Snow heroes in M\u00e9ribel\"}]},{\"@type\":\"WebSite\",\"@id\":\"https:\\\/\\\/www.pinnacle-experiences.com\\\/en\\\/#website\",\"url\":\"https:\\\/\\\/www.pinnacle-experiences.com\\\/en\\\/\",\"name\":\"Pinnacle Experiences\",\"description\":\"R\u00e9-inventez vos vacances\",\"publisher\":{\"@id\":\"https:\\\/\\\/www.pinnacle-experiences.com\\\/en\\\/#organization\"},\"potentialAction\":[{\"@type\":\"SearchAction\",\"target\":{\"@type\":\"EntryPoint\",\"urlTemplate\":\"https:\\\/\\\/www.pinnacle-experiences.com\\\/en\\\/?s={search_term_string}\"},\"query-input\":{\"@type\":\"PropertyValueSpecification\",\"valueRequired\":true,\"valueName\":\"search_term_string\"}}],\"inLanguage\":\"en-US\"},{\"@type\":\"Organization\",\"@id\":\"https:\\\/\\\/www.pinnacle-experiences.com\\\/en\\\/#organization\",\"name\":\"Pinnacle Experiences\",\"url\":\"https:\\\/\\\/www.pinnacle-experiences.com\\\/en\\\/\",\"logo\":{\"@type\":\"ImageObject\",\"inLanguage\":\"en-US\",\"@id\":\"https:\\\/\\\/www.pinnacle-experiences.com\\\/en\\\/#\\\/schema\\\/logo\\\/image\\\/\",\"url\":\"https:\\\/\\\/www.pinnacle-experiences.com\\\/wp-content\\\/uploads\\\/2025\\\/01\\\/PINNACLE_LONG.svg\",\"contentUrl\":\"https:\\\/\\\/www.pinnacle-experiences.com\\\/wp-content\\\/uploads\\\/2025\\\/01\\\/PINNACLE_LONG.svg\",\"width\":1,\"height\":1,\"caption\":\"Pinnacle Experiences\"},\"image\":{\"@id\":\"https:\\\/\\\/www.pinnacle-experiences.com\\\/en\\\/#\\\/schema\\\/logo\\\/image\\\/\"}}]}<\/script>\n<!-- \/ Yoast SEO plugin. -->","yoast_head_json":{"title":"Avalanche dogs immersion | Pinnacle Experiences","description":"Treat yourself to a unique family adventure, in total immersion with the rescue trackers and their incredible avalanche dogs.","robots":{"index":"index","follow":"follow","max-snippet":"max-snippet:-1","max-image-preview":"max-image-preview:large","max-video-preview":"max-video-preview:-1"},"canonical":"https:\/\/www.pinnacle-experiences.com\/en\/avalanche-dogs-in-meribel\/","og_locale":"en_US","og_type":"article","og_title":"Avalanche dogs immersion | Pinnacle Experiences","og_description":"Treat yourself to a unique family adventure, in total immersion with the rescue trackers and their incredible avalanche dogs.","og_url":"https:\/\/www.pinnacle-experiences.com\/en\/avalanche-dogs-in-meribel\/","og_site_name":"Pinnacle Experiences","article_modified_time":"2026-01-05T13:30:42+00:00","og_image":[{"width":1600,"height":818,"url":"https:\/\/www.pinnacle-experiences.com\/wp-content\/uploads\/2025\/02\/Header-Chien-2.jpeg","type":"image\/jpeg"}],"twitter_card":"summary_large_image","twitter_misc":{"Est. reading time":"2 minutes"},"schema":{"@context":"https:\/\/schema.org","@graph":[{"@type":"WebPage","@id":"https:\/\/www.pinnacle-experiences.com\/en\/avalanche-dogs-in-meribel\/","url":"https:\/\/www.pinnacle-experiences.com\/en\/avalanche-dogs-in-meribel\/","name":"Avalanche dogs immersion | Pinnacle Experiences","isPartOf":{"@id":"https:\/\/www.pinnacle-experiences.com\/en\/#website"},"primaryImageOfPage":{"@id":"https:\/\/www.pinnacle-experiences.com\/en\/avalanche-dogs-in-meribel\/#primaryimage"},"image":{"@id":"https:\/\/www.pinnacle-experiences.com\/en\/avalanche-dogs-in-meribel\/#primaryimage"},"thumbnailUrl":"https:\/\/www.pinnacle-experiences.com\/wp-content\/uploads\/2025\/02\/Header-Chien-2.jpeg","datePublished":"2025-02-17T08:30:59+00:00","dateModified":"2026-01-05T13:30:42+00:00","description":"Treat yourself to a unique family adventure, in total immersion with the rescue trackers and their incredible avalanche dogs.","breadcrumb":{"@id":"https:\/\/www.pinnacle-experiences.com\/en\/avalanche-dogs-in-meribel\/#breadcrumb"},"inLanguage":"en-US","potentialAction":[{"@type":"ReadAction","target":["https:\/\/www.pinnacle-experiences.com\/en\/avalanche-dogs-in-meribel\/"]}]},{"@type":"ImageObject","inLanguage":"en-US","@id":"https:\/\/www.pinnacle-experiences.com\/en\/avalanche-dogs-in-meribel\/#primaryimage","url":"https:\/\/www.pinnacle-experiences.com\/wp-content\/uploads\/2025\/02\/Header-Chien-2.jpeg","contentUrl":"https:\/\/www.pinnacle-experiences.com\/wp-content\/uploads\/2025\/02\/Header-Chien-2.jpeg","width":1600,"height":818,"caption":"Pisteur secouriste avec son chien faisant une recherche en avalanche | \u00a9 Pinnacle Experiences"},{"@type":"BreadcrumbList","@id":"https:\/\/www.pinnacle-experiences.com\/en\/avalanche-dogs-in-meribel\/#breadcrumb","itemListElement":[{"@type":"ListItem","position":1,"name":"Accueil","item":"https:\/\/www.pinnacle-experiences.com\/en\/"},{"@type":"ListItem","position":2,"name":"Avalanche dogs &#8211; Snow heroes in M\u00e9ribel"}]},{"@type":"WebSite","@id":"https:\/\/www.pinnacle-experiences.com\/en\/#website","url":"https:\/\/www.pinnacle-experiences.com\/en\/","name":"Pinnacle Experiences","description":"R\u00e9-inventez vos vacances","publisher":{"@id":"https:\/\/www.pinnacle-experiences.com\/en\/#organization"},"potentialAction":[{"@type":"SearchAction","target":{"@type":"EntryPoint","urlTemplate":"https:\/\/www.pinnacle-experiences.com\/en\/?s={search_term_string}"},"query-input":{"@type":"PropertyValueSpecification","valueRequired":true,"valueName":"search_term_string"}}],"inLanguage":"en-US"},{"@type":"Organization","@id":"https:\/\/www.pinnacle-experiences.com\/en\/#organization","name":"Pinnacle Experiences","url":"https:\/\/www.pinnacle-experiences.com\/en\/","logo":{"@type":"ImageObject","inLanguage":"en-US","@id":"https:\/\/www.pinnacle-experiences.com\/en\/#\/schema\/logo\/image\/","url":"https:\/\/www.pinnacle-experiences.com\/wp-content\/uploads\/2025\/01\/PINNACLE_LONG.svg","contentUrl":"https:\/\/www.pinnacle-experiences.com\/wp-content\/uploads\/2025\/01\/PINNACLE_LONG.svg","width":1,"height":1,"caption":"Pinnacle Experiences"},"image":{"@id":"https:\/\/www.pinnacle-experiences.com\/en\/#\/schema\/logo\/image\/"}}]}},"_links":{"self":[{"href":"https:\/\/www.pinnacle-experiences.com\/en\/wp-json\/wp\/v2\/pages\/1794","targetHints":{"allow":["GET"]}}],"collection":[{"href":"https:\/\/www.pinnacle-experiences.com\/en\/wp-json\/wp\/v2\/pages"}],"about":[{"href":"https:\/\/www.pinnacle-experiences.com\/en\/wp-json\/wp\/v2\/types\/page"}],"author":[{"embeddable":true,"href":"https:\/\/www.pinnacle-experiences.com\/en\/wp-json\/wp\/v2\/users\/2"}],"replies":[{"embeddable":true,"href":"https:\/\/www.pinnacle-experiences.com\/en\/wp-json\/wp\/v2\/comments?post=1794"}],"version-history":[{"count":33,"href":"https:\/\/www.pinnacle-experiences.com\/en\/wp-json\/wp\/v2\/pages\/1794\/revisions"}],"predecessor-version":[{"id":39347,"href":"https:\/\/www.pinnacle-experiences.com\/en\/wp-json\/wp\/v2\/pages\/1794\/revisions\/39347"}],"wp:featuredmedia":[{"embeddable":true,"href":"https:\/\/www.pinnacle-experiences.com\/en\/wp-json\/wp\/v2\/media\/2090"}],"wp:attachment":[{"href":"https:\/\/www.pinnacle-experiences.com\/en\/wp-json\/wp\/v2\/media?parent=1794"}],"curies":[{"name":"wp","href":"https:\/\/api.w.org\/{rel}","templated":true}]}}